{"id":2263,"date":"2024-05-25T23:51:52","date_gmt":"2024-05-26T02:51:52","guid":{"rendered":"https:\/\/convere.com.br\/?page_id=2263"},"modified":"2024-06-10T18:06:16","modified_gmt":"2024-06-10T21:06:16","slug":"empresa","status":"publish","type":"page","link":"https:\/\/convere.com.br\/?page_id=2263","title":{"rendered":"Empresa"},"content":{"rendered":"\t\t<div data-elementor-type=\"wp-page\" data-elementor-id=\"2263\" class=\"elementor elementor-2263\">\n\t\t\t\t<div class=\"elementor-element elementor-element-b45356c e-con-full e-flex e-con e-parent\" data-id=\"b45356c\" data-element_type=\"container\" data-e-type=\"container\">\n\t\t\t\t<div class=\"elementor-element elementor-element-405f3b4 elementor-widget__width-initial elementor-invisible elementor-widget elementor-widget-image\" data-id=\"405f3b4\" data-element_type=\"widget\" data-e-type=\"widget\" data-settings=\"{&quot;_animation&quot;:&quot;fadeIn&quot;,&quot;_animation_delay&quot;:400}\" data-widget_type=\"image.default\">\n\t\t\t\t<div class=\"elementor-widget-container\">\n\t\t\t\t\t\t\t\t\t\t\t\t\t\t\t<img decoding=\"async\" src=\"http:\/\/convere.com.br\/wp-content\/uploads\/elementor\/thumbs\/Convere-logo-2024-1-qoozpzijpixl4brf5j8gutefe68iqj98qhdi1r4mmq.png\" title=\"Convere-logo-2024\" alt=\"Convere-logo-2024\" loading=\"lazy\" \/>\t\t\t\t\t\t\t\t\t\t\t\t\t\t\t<\/div>\n\t\t\t\t<\/div>\n\t\t\t\t<\/div>\n\t\t<div class=\"elementor-element elementor-element-03e3849 e-con-full e-flex e-con e-parent\" data-id=\"03e3849\" data-element_type=\"container\" data-e-type=\"container\">\n\t\t\t\t<div class=\"elementor-element elementor-element-9360d9f elementor-widget__width-initial elementor-invisible elementor-widget elementor-widget-plexx_text\" data-id=\"9360d9f\" data-element_type=\"widget\" data-e-type=\"widget\" data-settings=\"{&quot;_animation&quot;:&quot;fadeIn&quot;,&quot;_animation_delay&quot;:200}\" data-widget_type=\"plexx_text.default\">\n\t\t\t\t<div class=\"elementor-widget-container\">\n\t\t\t\t\t  \t\t<div class=\"plexx-text-editor elementor-clearfix\"><p><em><strong>Existimos para contar a sua hist\u00f3ria.<\/strong><\/em><\/p><p>Para mostrar o seu jeito \u00fanico de fazer as coisas. O trabalho e dedica\u00e7\u00e3o em cada detalhe, tudo aquilo que faz o seu neg\u00f3cio diferente e especial. Nosso papel \u00e9 criar imagens que levem essa mensagem para o seu p\u00fablico, para <strong>informar, inspirar e engajar<\/strong> essas pessoas da maneira que voc\u00ea sempre quis, com <strong>criatividade, qualidade e emo\u00e7\u00e3o<\/strong>.<\/p><p><em><strong>E ent\u00e3o, o que vamos contar primeiro?<\/strong><\/em><\/p><\/div>\n  \t\t\t\t\t\t<\/div>\n\t\t\t\t<\/div>\n\t\t\t\t<\/div>\n\t\t<div class=\"elementor-element elementor-element-ca1afe4 e-flex e-con-boxed e-con e-parent\" data-id=\"ca1afe4\" data-element_type=\"container\" data-e-type=\"container\">\n\t\t\t\t\t<div class=\"e-con-inner\">\n\t\t\t\t<div class=\"elementor-element elementor-element-488ab53 elementor-widget__width-initial elementor-invisible elementor-widget elementor-widget-image\" data-id=\"488ab53\" data-element_type=\"widget\" data-e-type=\"widget\" data-settings=\"{&quot;_animation&quot;:&quot;fadeIn&quot;,&quot;_animation_delay&quot;:500}\" data-widget_type=\"image.default\">\n\t\t\t\t<div class=\"elementor-widget-container\">\n\t\t\t\t\t\t\t\t\t\t\t\t\t\t\t<img decoding=\"async\" src=\"http:\/\/convere.com.br\/wp-content\/uploads\/elementor\/thumbs\/claquete-qot4fl6cq9wftlhrlq1gog7gcqujf9cry9tm19gl8q.png\" title=\"claquete\" alt=\"claquete\" loading=\"lazy\" \/>\t\t\t\t\t\t\t\t\t\t\t\t\t\t\t<\/div>\n\t\t\t\t<\/div>\n\t\t\t\t\t<\/div>\n\t\t\t\t<\/div>\n\t\t<div class=\"elementor-element elementor-element-ccd50a9 e-con-full e-flex e-con e-parent\" data-id=\"ccd50a9\" data-element_type=\"container\" data-e-type=\"container\">\n\t\t\t\t<div class=\"elementor-element elementor-element-aad7416 elementor-widget elementor-widget-spacer\" data-id=\"aad7416\" data-element_type=\"widget\" data-e-type=\"widget\" data-widget_type=\"spacer.default\">\n\t\t\t\t<div class=\"elementor-widget-container\">\n\t\t\t\t\t\t\t<div class=\"elementor-spacer\">\n\t\t\t<div class=\"elementor-spacer-inner\"><\/div>\n\t\t<\/div>\n\t\t\t\t\t\t<\/div>\n\t\t\t\t<\/div>\n\t\t\t\t<\/div>\n\t\t<div class=\"elementor-element elementor-element-77191ac e-con-full e-flex e-con e-parent\" data-id=\"77191ac\" data-element_type=\"container\" data-e-type=\"container\">\n\t\t\t\t<div class=\"elementor-element elementor-element-57aeefd elementor-widget__width-initial elementor-invisible elementor-widget elementor-widget-plexx_text\" data-id=\"57aeefd\" data-element_type=\"widget\" data-e-type=\"widget\" data-settings=\"{&quot;_animation&quot;:&quot;fadeIn&quot;,&quot;_animation_delay&quot;:200}\" data-widget_type=\"plexx_text.default\">\n\t\t\t\t<div class=\"elementor-widget-container\">\n\t\t\t\t\t  \t\t<div class=\"plexx-text-editor elementor-clearfix\"><p>A<strong> Convere<\/strong> \u00e9 uma empresa especializada em solu\u00e7\u00f5es audiovisuais para atender as necessidades de <strong>Comunica\u00e7\u00e3o e Marketing<\/strong>. Oferecemos servi\u00e7os completos para produ\u00e7\u00e3o de v\u00eddeos para<b> internet, redes sociais e m\u00eddias alternativas.<\/b><\/p><\/div>\n  \t\t\t\t\t\t<\/div>\n\t\t\t\t<\/div>\n\t\t\t\t<\/div>\n\t\t<div class=\"elementor-element elementor-element-fd9a523 e-con-full e-flex e-con e-parent\" data-id=\"fd9a523\" data-element_type=\"container\" data-e-type=\"container\">\n\t\t\t\t<div class=\"elementor-element elementor-element-666b448 elementor-widget__width-initial elementor-invisible elementor-widget elementor-widget-plexx_text\" data-id=\"666b448\" data-element_type=\"widget\" data-e-type=\"widget\" data-settings=\"{&quot;_animation&quot;:&quot;fadeIn&quot;,&quot;_animation_delay&quot;:500}\" data-widget_type=\"plexx_text.default\">\n\t\t\t\t<div class=\"elementor-widget-container\">\n\t\t\t\t\t  \t\t<div class=\"plexx-text-editor elementor-clearfix\"><p><strong>Corporativos | <\/strong><strong>Publicit\u00e1rios | <\/strong><strong>Promocionais | <\/strong><strong>Institucionais<\/strong><\/p><\/div>\n  \t\t\t\t\t\t<\/div>\n\t\t\t\t<\/div>\n\t\t\t\t<\/div>\n\t\t<div class=\"elementor-element elementor-element-1941578 e-con-full e-flex e-con e-parent\" data-id=\"1941578\" data-element_type=\"container\" data-e-type=\"container\">\n\t\t\t\t<div class=\"elementor-element elementor-element-b9587bd elementor-widget elementor-widget-spacer\" data-id=\"b9587bd\" data-element_type=\"widget\" data-e-type=\"widget\" data-widget_type=\"spacer.default\">\n\t\t\t\t<div class=\"elementor-widget-container\">\n\t\t\t\t\t\t\t<div class=\"elementor-spacer\">\n\t\t\t<div class=\"elementor-spacer-inner\"><\/div>\n\t\t<\/div>\n\t\t\t\t\t\t<\/div>\n\t\t\t\t<\/div>\n\t\t\t\t<\/div>\n\t\t<div class=\"elementor-element elementor-element-79583f9 e-flex e-con-boxed e-con e-parent\" data-id=\"79583f9\" data-element_type=\"container\" data-e-type=\"container\">\n\t\t\t\t\t<div class=\"e-con-inner\">\n\t\t\t\t<div class=\"elementor-element elementor-element-ee71a68 elementor-invisible elementor-widget elementor-widget-image\" data-id=\"ee71a68\" data-element_type=\"widget\" data-e-type=\"widget\" data-settings=\"{&quot;_animation&quot;:&quot;fadeIn&quot;,&quot;_animation_delay&quot;:500}\" data-widget_type=\"image.default\">\n\t\t\t\t<div class=\"elementor-widget-container\">\n\t\t\t\t\t\t\t\t\t\t\t\t\t\t\t<img decoding=\"async\" src=\"http:\/\/convere.com.br\/wp-content\/uploads\/elementor\/thumbs\/video-editor-qot7nutr55zxspnhvkrxk1hx8a6l040uhil4diy47c.jpg\" title=\"video-editor\" alt=\"video-editor\" loading=\"lazy\" \/>\t\t\t\t\t\t\t\t\t\t\t\t\t\t\t<\/div>\n\t\t\t\t<\/div>\n\t\t\t\t\t<\/div>\n\t\t\t\t<\/div>\n\t\t<div class=\"elementor-element elementor-element-1bdd338 e-flex e-con-boxed e-con e-parent\" data-id=\"1bdd338\" data-element_type=\"container\" data-e-type=\"container\">\n\t\t\t\t\t<div class=\"e-con-inner\">\n\t\t\t\t<div class=\"elementor-element elementor-element-e3ac9b5 elementor-widget elementor-widget-spacer\" data-id=\"e3ac9b5\" data-element_type=\"widget\" data-e-type=\"widget\" data-widget_type=\"spacer.default\">\n\t\t\t\t<div class=\"elementor-widget-container\">\n\t\t\t\t\t\t\t<div class=\"elementor-spacer\">\n\t\t\t<div class=\"elementor-spacer-inner\"><\/div>\n\t\t<\/div>\n\t\t\t\t\t\t<\/div>\n\t\t\t\t<\/div>\n\t\t\t\t\t<\/div>\n\t\t\t\t<\/div>\n\t\t<div class=\"elementor-element elementor-element-f3d0223 e-con-full e-flex e-con e-parent\" data-id=\"f3d0223\" data-element_type=\"container\" data-e-type=\"container\">\n\t\t\t\t<div class=\"elementor-element elementor-element-648205f elementor-widget__width-initial elementor-invisible elementor-widget elementor-widget-plexx_text\" data-id=\"648205f\" data-element_type=\"widget\" data-e-type=\"widget\" data-settings=\"{&quot;_animation&quot;:&quot;fadeIn&quot;,&quot;_animation_delay&quot;:200}\" data-widget_type=\"plexx_text.default\">\n\t\t\t\t<div class=\"elementor-widget-container\">\n\t\t\t\t\t  \t\t<div class=\"plexx-text-editor elementor-clearfix\"><p><strong>Filmmaking<\/strong> &#8211; roteiro, filmagem e p\u00f3s-produ\u00e7\u00e3o<br \/><strong>Motion Design <\/strong>&#8211; vinhetas, anima\u00e7\u00f5es e cria\u00e7\u00e3o de conte\u00fados digitais<br \/><strong>Digital Signage <\/strong>&#8211; projetos de TV Corporativa e digital out of home (DOOH)<\/p><\/div>\n  \t\t\t\t\t\t<\/div>\n\t\t\t\t<\/div>\n\t\t\t\t<\/div>\n\t\t<div class=\"elementor-element elementor-element-f91a308 e-con-full e-flex e-con e-parent\" data-id=\"f91a308\" data-element_type=\"container\" data-e-type=\"container\">\n\t\t\t\t<div class=\"elementor-element elementor-element-380c959 elementor-widget elementor-widget-spacer\" data-id=\"380c959\" data-element_type=\"widget\" data-e-type=\"widget\" data-widget_type=\"spacer.default\">\n\t\t\t\t<div class=\"elementor-widget-container\">\n\t\t\t\t\t\t\t<div class=\"elementor-spacer\">\n\t\t\t<div class=\"elementor-spacer-inner\"><\/div>\n\t\t<\/div>\n\t\t\t\t\t\t<\/div>\n\t\t\t\t<\/div>\n\t\t\t\t<\/div>\n\t\t<div class=\"elementor-element elementor-element-2ca5fb8 e-con-full e-flex e-con e-parent\" data-id=\"2ca5fb8\" data-element_type=\"container\" data-e-type=\"container\">\n\t\t\t\t<div class=\"elementor-element elementor-element-7684ab1 elementor-widget__width-initial elementor-invisible elementor-widget elementor-widget-plexx_text\" data-id=\"7684ab1\" data-element_type=\"widget\" data-e-type=\"widget\" data-settings=\"{&quot;_animation&quot;:&quot;fadeIn&quot;,&quot;_animation_delay&quot;:500}\" data-widget_type=\"plexx_text.default\">\n\t\t\t\t<div class=\"elementor-widget-container\">\n\t\t\t\t\t  \t\t<div class=\"plexx-text-editor elementor-clearfix\"><p><strong>Internet | Redes Sociais<\/strong><strong>\u00a0| <\/strong><strong>M\u00eddias Alternativas | <\/strong><strong>Digital Signage<\/strong><\/p><\/div>\n  \t\t\t\t\t\t<\/div>\n\t\t\t\t<\/div>\n\t\t\t\t<\/div>\n\t\t\t\t<\/div>\n\t\t","protected":false},"excerpt":{"rendered":"<p>Existimos para contar a sua hist\u00f3ria. Para mostrar o seu jeito \u00fanico de fazer as coisas. O trabalho e dedica\u00e7\u00e3o em cada detalhe, tudo aquilo que faz o seu neg\u00f3cio diferente e especial. Nosso papel \u00e9 criar imagens que levem essa mensagem para o seu p\u00fablico, para informar, inspirar e engajar essas pessoas da maneira [&hellip;]<\/p>\n","protected":false},"author":1,"featured_media":0,"parent":0,"menu_order":0,"comment_status":"closed","ping_status":"closed","template":"","meta":{"footnotes":""},"class_list":["post-2263","page","type-page","status-publish","hentry"],"acf":[],"_links":{"self":[{"href":"https:\/\/convere.com.br\/index.php?rest_route=\/wp\/v2\/pages\/2263","targetHints":{"allow":["GET"]}}],"collection":[{"href":"https:\/\/convere.com.br\/index.php?rest_route=\/wp\/v2\/pages"}],"about":[{"href":"https:\/\/convere.com.br\/index.php?rest_route=\/wp\/v2\/types\/page"}],"author":[{"embeddable":true,"href":"https:\/\/convere.com.br\/index.php?rest_route=\/wp\/v2\/users\/1"}],"replies":[{"embeddable":true,"href":"https:\/\/convere.com.br\/index.php?rest_route=%2Fwp%2Fv2%2Fcomments&post=2263"}],"version-history":[{"count":100,"href":"https:\/\/convere.com.br\/index.php?rest_route=\/wp\/v2\/pages\/2263\/revisions"}],"predecessor-version":[{"id":3004,"href":"https:\/\/convere.com.br\/index.php?rest_route=\/wp\/v2\/pages\/2263\/revisions\/3004"}],"wp:attachment":[{"href":"https:\/\/convere.com.br\/index.php?rest_route=%2Fwp%2Fv2%2Fmedia&parent=2263"}],"curies":[{"name":"wp","href":"https:\/\/api.w.org\/{rel}","templated":true}]}}